{"id":803,"date":"2018-05-25T11:50:06","date_gmt":"2018-05-25T11:50:06","guid":{"rendered":"https:\/\/designcommando.hu\/?page_id=803"},"modified":"2018-05-25T11:50:46","modified_gmt":"2018-05-25T11:50:46","slug":"adatkezelesi-nyilatkozat","status":"publish","type":"page","link":"https:\/\/designcommando.hu\/?page_id=803","title":{"rendered":"Adatkezel\u00e9si nyilatkozat"},"content":{"rendered":"<p><strong>ADATV\u00c9DELMI IR\u00c1NYELVEK<\/strong><\/p>\n<p>&nbsp;<\/p>\n<p><strong>BEVEZET\u00c9S<\/strong><\/p>\n<p>A Design Commando Kft. (a tov\u00e1bbiakban: Adatkezel\u0151) tev\u00e9kenys\u00e9ge sor\u00e1n fokozottan \u00fcgyel a szem\u00e9lyesadatok v\u00e9delm\u00e9re, a k\u00f6telez\u0151 jogi rendelkez\u00e9sek betart\u00e1s\u00e1ra, a biztons\u00e1gos \u00e9s tisztess\u00e9ges adatkezel\u00e9sre.<\/p>\n<p>Az Adatkezel\u0151 adatai:<\/p>\n<p>C\u00e9gn\u00e9v: DesignCommando Kft.<\/p>\n<p>Ad\u00f3sz\u00e1m: 14790429-2-41<\/p>\n<p>C\u00edm: 1026. Budapest, Gyimes utca 10. 2\/2.<\/p>\n<p>C\u00e9gjegyz\u00e9ksz\u00e1m: _<\/p>\n<p>&nbsp;<\/p>\n<p>Az Adatkezel\u0151 a rendelkez\u00e9s\u00e9re bocs\u00e1tott szem\u00e9lyes adatokat minden esetben a hat\u00e1lyos magyar \u00e9s eur\u00f3pai jogszab\u00e1lyoknak \u00e9s etikai elv\u00e1r\u00e1soknak eleget t\u00e9ve kezeli, minden esetben megteszi azokat a technikai \u00e9s szervez\u00e9si int\u00e9zked\u00e9seket, amelyek a megfelel\u0151 biztons\u00e1gos adatkezel\u00e9shez sz\u00fcks\u00e9gesek.<\/p>\n<p>&nbsp;<\/p>\n<p>Jelen honlap haszn\u00e1latakor \u00d6n elfogadja az al\u00e1bbi felt\u00e9teleket, f\u00fcggetlen\u00fcl att\u00f3l, hogy azokat elolvasta-e vagy sem.<\/p>\n<p>A haszn\u00e1lati felt\u00e9telek nem ismerete nem mentes\u00edt senkit a felel\u0151ss\u00e9g al\u00f3l, nem lehet semmilyen hivatkoz\u00e1s alapja, ha azokat megszegte \u00e9s ebb\u0151l kifoly\u00f3lag jelen weboldalnak \u00e9s\/vagy \u00fczemeltet\u0151j\u00e9nek b\u00e1rmilyen term\u00e9szet\u0171 k\u00e1ra, vagy h\u00e1tr\u00e1nya keletkezik. Ebben az esetben az \u00fcgy jogi \u00faton ker\u00fcl rendez\u00e9sre. V\u00e1llalatunk m\u0171k\u00f6d\u00e9s\u00e9b\u0151l kifoly\u00f3lag els\u0151sorban term\u00e9szetes szem\u00e9lyek adatait kezeli, mint p\u00e9ld\u00e1ul n\u00e9v, e-mail c\u00edm \u00e9s el\u00e9rhet\u0151s\u00e9gi adatok (telefonsz\u00e1m, lakc\u00edm). Adatkezel\u00e9si szab\u00e1lyzatunk megtal\u00e1lhat\u00f3 mindegyik \u00e1lltalunk \u00fczemeltetett weboldalon: www.designcommando.hu , www.csodasotthon.hu ,<\/p>\n<p>(A felsorol\u00e1s a teljess\u00e9g ig\u00e9nye n\u00e9lk\u00fcl k\u00e9sz\u00fclt.)<\/p>\n<p>A jelen adatv\u00e9delmi ir\u00e1nyelvek elmagyar\u00e1zz\u00e1k, hogy mik\u00e9nt kezelj\u00fck az \u00d6n szem\u00e9lyes adatait, f\u00fcggetlen\u00fcl att\u00f3l, hogy \u00f6n \u00faj jelentkez\u0151, weboldalaink felhaszn\u00e1l\u00f3ja, \u00fcgyfel\u00fcnk, besz\u00e1ll\u00edt\u00f3nk, partner\u00fcnk, vagy egy\u00e9b v\u00e1llalatunkkal kapcsolatban \u00e1ll\u00f3 szem\u00e9ly.<\/p>\n<p>Le\u00edrja, hogyan gy\u0171jtj\u00fck, haszn\u00e1ljuk fel \u00e9s kezelj\u00fck a szem\u00e9lyes adatait, \u00e9s mindek\u00f6zben hogyan felel\u00fcnk meg az \u00d6nnel kapcsolatos jogi k\u00f6telezetts\u00e9geinknek. Adatainak biztons\u00e1ga fontos a sz\u00e1munkra, \u00e9s elk\u00f6telezetten v\u00e9dj\u00fck \u00e9s \u00f3vjuk adatv\u00e9delmi jogait.<\/p>\n<p>A vonatkoz\u00f3 adatv\u00e9delmi el\u0151\u00edr\u00e1sok c\u00e9lj\u00e1b\u00f3l (t\u00f6bbek k\u00f6z\u00f6tt bele\u00e9rtve az \u00c1ltal\u00e1nos adatv\u00e9delmi rendeletet ((EU) 2016\/679 rendelet) (a \u201eGDPR\u201d) a szem\u00e9lyes adatai\u00e9rt felel\u0151s c\u00e9g<\/p>\n<p>DesignCommando Kft.<\/p>\n<p>ad\u00f3sz\u00e1m: 14790429-2-41<\/p>\n<p>c\u00edm: 1026. Budapest, Gyimes utca 10. 2\/2.<\/p>\n<p>Fontos megjegyezni, hogy ezt az Adatv\u00e9delmi ir\u00e1nyelvet id\u0151r\u0151l id\u0151re m\u00f3dos\u00edthatjuk.<\/p>\n<p>&nbsp;<\/p>\n<p>A KEZELT ADATOK K\u00d6RE:<\/p>\n<p>Aj\u00e1nlatk\u00e9r\u00e9skor\/kapcsolatfelv\u00e9telkor megadott adatok:<\/p>\n<p>A felhaszn\u00e1l\u00f3 \u00e1ltal az aj\u00e1nlatk\u00e9r\u00e9skor illetve kapcsolatfelv\u00e9telkor megadott szem\u00e9lyes adatokat harmadik f\u00e9lnek nem adjuk ki.<\/p>\n<p>A felhaszn\u00e1l\u00f3 \u00e1ltal az aj\u00e1nlatk\u00e9r\u00e9s\/kapcsolatfelv\u00e9tel sor\u00e1n k\u00f6telez\u0151en megadott adatok:<\/p>\n<p>N\u00e9v, telefonsz\u00e1m, e-mail c\u00edm.<\/p>\n<p>H\u00edrlev\u00e9lre feliratkoz\u00e1skor megadott adatok:<\/p>\n<p>Amikor a felhaszn\u00e1l\u00f3 feliratkozik a h\u00edrlev\u00e9lre, tanulm\u00e1nyra t\u00e1rol\u00e1sra ker\u00fcl a felhaszn\u00e1l\u00f3 \u00e1ltal megadott n\u00e9v, \u00e9s e-mail c\u00edm azzal a c\u00e9llal, hogy kik\u00fcldj\u00fck neki a h\u00edrlevelet. Az adatok t\u00e1rol\u00e1s\u00e1ra \u00e9s a h\u00edrlevelek kik\u00fcld\u00e9s\u00e9re a Webgalamb \u2014 <a href=\"http:\/\/www.webgalamb.hu\/\">www.webgalamb.hu<\/a> \u00ad\u2014 h\u00edrlev\u00e9lk\u00fcld\u0151 szolg\u00e1ltat\u00f3t haszn\u00e1ljuk. A t\u00e1rolt adatokat harmadik f\u00e9lnek nem adjuk ki.<\/p>\n<p>A felhaszn\u00e1l\u00f3 \u00e1ltal a h\u00edrlev\u00e9l feliratkoz\u00e1skor k\u00f6telez\u0151en megadott adatok:<\/p>\n<p>N\u00e9v, e-mail c\u00edm.<\/p>\n<p>Weboldal bejelentkez\u00e9s n\u00e9lk\u00fcli haszn\u00e1lata:<\/p>\n<p>A honlap haszn\u00e1lata sor\u00e1n r\u00f6gz\u00edt\u00e9sre ker\u00fcl a felhaszn\u00e1l\u00f3 sz\u00e1m\u00edt\u00f3g\u00e9p\u00e9nek IP-c\u00edme, a l\u00e1togat\u00e1s kezd\u0151 es befejez\u0151 id\u0151pontja, illetve egyes esetekben<\/p>\n<p>\u2014 a felhaszn\u00e1l\u00f3 sz\u00e1m\u00edt\u00f3g\u00e9p\u00e9nek be\u00e1ll\u00edt\u00e1s\u00e1t\u00f3l f\u00fcgg\u0151en<\/p>\n<p>\u2014 a b\u00f6ng\u00e9sz\u0151 \u00e9s az oper\u00e1ci\u00f3s rendszer t\u00edpusa.<\/p>\n<p>Ezen adatokat a rendszer automatikusan napl\u00f3zza. A Szolg\u00e1ltat\u00f3 a napl\u00f3f\u00e1jlban tal\u00e1lhat\u00f3 adatokat nem kapcsolja \u00f6ssze egy\u00e9b szem\u00e9lyes adatokkal.<\/p>\n<p>&nbsp;<\/p>\n<p>AZ ADATKEZEL\u00c9S C\u00c9LJA:<\/p>\n<p>Aj\u00e1nlatk\u00e9r\u00e9s\/kapcsolatfelv\u00e9tel:<\/p>\n<p>Aj\u00e1nlatk\u00e9r\u00e9s vagy kapcsolatfelv\u00e9tel eset\u00e9n a felhaszn\u00e1l\u00f3 \u00e1ltal megadott adatok eset\u00e9ben az adatok kezel\u00e9s\u00e9nek c\u00e9lja a felhaszn\u00e1l\u00f3 azonos\u00edt\u00e1sa, majd e-mailben vagy telefonon t\u00f6rt\u00e9n\u0151 t\u00e1j\u00e9koztat\u00e1sa csak \u00e9s kiz\u00e1r\u00f3lag az adott aj\u00e1nlatk\u00e9r\u00e9s, foglal\u00e1s vagy kapcsolatfelv\u00e9tel kapcs\u00e1n.<\/p>\n<p>A felhaszn\u00e1l\u00f3 ezen adatkezel\u00e9shez val\u00f3 hozz\u00e1j\u00e1rul\u00e1s\u00e1t az \u201cAj\u00e1nlatk\u00e9r\u00e9s\u201d vagy \u201cKapcsolat\u201d<\/p>\n<p>internetes \u0171rlap kit\u00f6lt\u00e9s\u00e9vel \u00e9s elk\u00fcld\u00e9s\u00e9vel adja meg.<\/p>\n<p>H\u00edrlev\u00e9l: H\u00edrlev\u00e9lre, tanulm\u00e1nyra t\u00f6rt\u00e9n\u0151 regisztr\u00e1ci\u00f3 eset\u00e9n a<\/p>\n<p>felhaszn\u00e1l\u00f3 \u00e1ltal megadott adatok eset\u00e9ben az adatok kezel\u00e9s\u00e9nek c\u00e9lja az felhaszn\u00e1l\u00f3 azonos\u00edt\u00e1sa h\u00edrlev\u00e9lk\u00fcld\u00e9s c\u00e9lj\u00e1b\u00f3l. A h\u00edrlev\u00e9lre regisztr\u00e1lt felhaszn\u00e1l\u00f3k sz\u00e1m\u00e1ra a Szolg\u00e1ltat\u00f3 h\u00edrlevelet k\u00fcld ki. Az adatok ilyen c\u00e9l\u00fa felhaszn\u00e1l\u00e1s\u00e1t a felhaszn\u00e1l\u00f3 \u2013 leiratkoz\u00e1ssal \u2013 megtilthatja. Amennyiben nem tart ig\u00e9nyt a h\u00edrlev\u00e9lre, a felhaszn\u00e1l\u00f3 t\u00f6r\u00f6lheti mag\u00e1t a h\u00edrlev\u00e9l-k\u00fcld\u0151 adatb\u00e1zisb\u00f3l a kik\u00fcld\u00f6tt h\u00edrlevek v\u00e9g\u00e9n tal\u00e1lhat\u00f3 \u201eLeiratkoz\u00e1s\u201d hivatkoz\u00e1sra kattintva. Term\u00e9szetesen egyedi k\u00e9r\u00e9s eset\u00e9n is t\u00f6r\u00f6lj\u00fck a<\/p>\n<p>felhaszn\u00e1l\u00f3t a h\u00edrlev\u00e9l adatb\u00e1zisb\u00f3l, mely k\u00e9r\u00e9st a <a href=\"mailto:info@designcommando.hue\">info@designcommando.hue<\/a> mail c\u00edmen jelenthetik be.<\/p>\n<p>\u201eCookie\u201d-k:<\/p>\n<p>Jelen weboldal haszn\u00e1lata sor\u00e1n a felhaszn\u00e1l\u00f3 sz\u00e1m\u00edt\u00f3g\u00e9p\u00e9nek egyes param\u00e9tereir\u0151l, illetve annak IP c\u00edm\u00e9r\u0151l napl\u00f3file k\u00e9sz\u00fcl. Ezeket az adatokat az \u00fczemeltet\u0151 kiz\u00e1r\u00f3lag a weboldal fejleszt\u00e9se \u00e9rdek\u00e9ben haszn\u00e1lja fel. Jelen weboldal, illetve annak egyes alkalmaz\u00e1sai kis sz\u00f6veges inform\u00e1ci\u00f3s f\u00e1jlokat, \u00fan. \u201ecookie\u201d-kat haszn\u00e1lnak, amelyek a felhaszn\u00e1l\u00f3k azonos\u00edt\u00e1s\u00e1nak \u00e9s tov\u00e1bbi l\u00e1togat\u00e1s\u00e1nak megk\u00f6nny\u00edt\u00e9se \u00e9rdek\u00e9ben a l\u00e1togat\u00f3k merevlemez\u00e9n t\u00e1rol\u00f3dnak. A weboldal felhaszn\u00e1l\u00f3ja<\/p>\n<p>meghat\u00e1rozhatja, hogy k\u00edv\u00e1nja-e fogadni a cookie-kat vagy sem, illetve kapjon-e \u00e9rtes\u00edt\u00e9st arr\u00f3l, ha a megtekintett oldal cookie-t k\u00fcld sz\u00e1m\u00e1ra. Amennyiben \u00d6n sz\u00e1m\u00edt\u00f3g\u00e9p\u00e9nek b\u00f6ng\u00e9sz\u0151j\u00e9ben enged\u00e9lyezi a cookie<\/p>\n<p>-k haszn\u00e1lat\u00e1t, \u00fagy hozz\u00e1j\u00e1rul ahhoz, hogy az \u00edgy k\u00f6zvet\u00edtett inform\u00e1ci\u00f3t jelen weboldal \u00fczemeltet\u0151je a m\u0171k\u00f6dtet\u00e9s c\u00e9lj\u00e1b\u00f3l felhaszn\u00e1lja. Ne<\/p>\n<p>feledje, amennyiben \u00d6n nem enged\u00e9lyezi a cookie-k fogad\u00e1s\u00e1t, abban az esetben a weboldal egyes szolg\u00e1ltat\u00e1sai nem vagy korl\u00e1tozottan lesznek ig\u00e9nybe vehet\u0151ek.<\/p>\n<p>Google Analitika:<\/p>\n<p>Jelen weboldal a Google, Inc. (\u201eGoogle\u201d) \u00e1ltal ny\u00fajtott Google Analitika webanalitikai szolg\u00e1ltat\u00e1st haszn\u00e1lja. A Google Analitika \u201es\u00fctiket\u201d (\u201ecookies\u201d), az \u00d6n sz\u00e1m\u00edt\u00f3g\u00e9p\u00e9n elhelyezett sz\u00f6vegf\u00e1jlokat haszn\u00e1l, melyek c\u00e9lja, hogy seg\u00edtse a weboldal haszn\u00e1lat\u00e1nak elemz\u00e9s\u00e9t. A \u201es\u00fcti\u201d \u00e1ltal gener\u00e1lt, a weboldal haszn\u00e1lat\u00e1ra vonatkoz\u00f3 inform\u00e1ci\u00f3kat (bele\u00e9rtve<\/p>\n<p>az \u00d6n IP-c\u00edm\u00e9t) a Google egyes\u00fclt \u00e1llamokbeli szervereire tov\u00e1bb\u00edtja \u00e9s ott t\u00e1rolja. A Google ezeket az inform\u00e1ci\u00f3kat a weboldal \u00d6n \u00e1ltal t\u00f6rt\u00e9n\u0151 haszn\u00e1lat\u00e1nak \u00e9rt\u00e9kel\u00e9s\u00e9re, a weboldalon v\u00e9grehajtott tev\u00e9kenys\u00e9gekr\u0151l sz\u00f3l\u00f3 riportoknak a weboldalak \u00fczemeltet\u0151i r\u00e9sz\u00e9re t\u00f6rt\u00e9n\u0151 \u00f6ssze\u00e1ll\u00edt\u00e1s\u00e1ra, valamint a weboldalon v\u00e9grehajtott tev\u00e9kenys\u00e9gekkel \u00e9s az internethaszn\u00e1lattal kapcsolatos egy\u00e9b szolg\u00e1ltat\u00e1sok ny\u00fajt\u00e1s\u00e1ra haszn\u00e1lja. A Google tov\u00e1bb\u00e1 \u00e1tadhatja ezeket az inform\u00e1ci\u00f3kat harmadik felek r\u00e9sz\u00e9re, amennyiben ezt t\u00f6rv\u00e9ny \u00edrja el\u0151, vagy az adott harmadik felek a Google megb\u00edz\u00e1s\u00e1b\u00f3l feldolgozz\u00e1k az inform\u00e1ci\u00f3kat. A Google nem t\u00e1rs\u00edtja az \u00d6n IP c\u00edm\u00e9t a Google birtok\u00e1ban l\u00e9v\u0151 egy\u00e9b adatokkal. B\u00f6ng\u00e9sz\u0151je megfelel\u0151 be\u00e1ll\u00edt\u00e1sainak kiv\u00e1laszt\u00e1s\u00e1val \u00d6n visszautas\u00edthatja a \u201es\u00fctik\u201d haszn\u00e1lat\u00e1t, azonban felh\u00edvjuk figyelm\u00e9t, hogy ez esetben \u00d6n nem fogja tudni kihaszn\u00e1lni jelen weboldal \u00f6sszes funkci\u00f3j\u00e1t. A jelen weboldal haszn\u00e1lat\u00e1val \u00d6n hozz\u00e1j\u00e1rul adatainak feldolgoz\u00e1s\u00e1hoz a fentiekben meghat\u00e1rozott m\u00f3don \u00e9s a fentiekben meghat\u00e1rozott c\u00e9lokra.<\/p>\n<p>&nbsp;<\/p>\n<p>ADATOK FELHASZN\u00c1L\u00c1SA:<\/p>\n<p>&nbsp;<\/p>\n<p>Az \u00e1ltalad megadott adatokat<\/p>\n<p>a Design Commando Kft. kiz\u00e1r\u00f3lag h\u00edrlev\u00e9l k\u00fcld\u00e9se c\u00e9lj\u00e1b\u00f3l t\u00e1rolja.<\/p>\n<p>Adataid harmadik f\u00e9l r\u00e9sz\u00e9re nem adjuk \u00e1t.<\/p>\n<p>Adataid kezel\u00e9sekor a Szem\u00e9lyes adatok v\u00e9delm\u00e9r\u0151l \u00e9s a k\u00f6z\u00e9rdek\u0171 adatok nyilv\u00e1noss\u00e1g\u00e1r\u00f3l sz\u00f3l\u00f3 1992. \u00e9vi LXIII t\u00f6rv\u00e9nynek megfelel\u0151en j\u00e1runk el.<\/p>\n<p>Kijelentj\u00fck, hogy a Design Commando Kft. birtokolja az oldalainkon l\u00e1that\u00f3 inform\u00e1ci\u00f3kat. A <a href=\"https:\/\/designcommando.hu\/\">www.designcommando.hu<\/a>, <a href=\"http:\/\/www.csodasotthon.hu\/\">www.csodasotthon.hu<\/a> oldalainak tartalm\u00e1t \u00e9s a kialak\u00edt\u00e1s\u00e1t nemzetk\u00f6zi \u00e9s magyar t\u00f6rv\u00e9nyek v\u00e9dik. Tilos tov\u00e1bb\u00e1 a t\u0151l\u00fcnk sz\u00e1rmaz\u00f3 inform\u00e1ci\u00f3k, cikkek, tanulm\u00e1nyokat, fot\u00f3kat \u00e1rus\u00edt\u00e1sa, b\u00e1rmilyen form\u00e1ban t\u00f6rt\u00e9n\u0151 megv\u00e1ltoztat\u00e1sa \u00e9s ism\u00e9telt megjelentet\u00e9se. A megjelent anyaggal kapcsolatos minden tov\u00e1bbi jogunkat fenntartjuk, \u00e9s sz\u00fcks\u00e9g eset\u00e9n ak\u00e1r b\u00edr\u00f3s\u00e1gi \u00faton is \u00e9rv\u00e9nyes\u00edtj\u00fck.<\/p>\n<p>&nbsp;<\/p>\n<p><strong>Hat\u00f3s\u00e1gi jogorvoslat<\/strong><\/p>\n<p>B\u00e1rmely \u00e9rintett a szem\u00e9lyes adatainak kezel\u00e9s\u00e9vel kapcsolatos v\u00e9lt jogs\u00e9relem eset\u00e9n az illet\u00e9kes t\u00f6rv\u00e9nysz\u00e9khez, a f\u0151v\u00e1rosban a F\u0151v\u00e1rosi T\u00f6rv\u00e9nysz\u00e9khez is fordulhat vagy vizsg\u00e1latot kezdem\u00e9nyezhet a Nemzeti Adatv\u00e9delmi \u00e9s Inform\u00e1ci\u00f3szabads\u00e1g Hat\u00f3s\u00e1gn\u00e1l (eln\u00f6k: dr. P\u00e9terfalvi Attila, 1024 Budapest, Szil\u00e1gyi Erzs\u00e9bet fasor 22\/C., ugyfelszolgalat@naih.hu, +36-1-3911400,<a href=\"http:\/\/www.naih.hu\/\">www.naih.hu<\/a>).<\/p>\n<p><strong>Adatok nyilv\u00e1noss\u00e1gra hozatala, adattov\u00e1bb\u00edt\u00e1s<\/strong><\/p>\n<p>Nyilv\u00e1noss\u00e1gra hozatal kiz\u00e1r\u00f3lag k\u00fcl\u00f6n hozz\u00e1j\u00e1rul\u00e1ssal t\u00f6rt\u00e9nik.<\/p>\n<p>Adattov\u00e1bb\u00edt\u00e1s harmadik (k\u00fcls\u0151 szem\u00e9lyhez nem t\u00f6rt\u00e9nik). Ett\u0151l, egyes term\u00e9kek eset\u00e9ben az adatkezel\u00e9si t\u00e1j\u00e9koztat\u00f3 elt\u00e9rhet.<\/p>\n<p>Aki a weboldalunkon regisztr\u00e1lja mag\u00e1t, az adatv\u00e9delmi nyilatkozatunkat elfogadottnak tekinti, azzal egyet\u00e9rt.<\/p>\n<p>A szolg\u00e1ltat\u00f3 neve: Design Commando Kft.<\/p>\n<p>A szolg\u00e1ltat\u00f3 sz\u00e9khelye: 1026. Budapest, Gyimes utca 10. 2\/2.<\/p>\n<p>&nbsp;<\/p>\n<p>A szolg\u00e1ltat\u00f3 el\u00e9rhet\u0151s\u00e9ge, az ig\u00e9nybe vev\u0151kkel val\u00f3 kapcsolattart\u00e1sra szolg\u00e1l\u00f3, rendszeresen haszn\u00e1lt elektronikus levelez\u00e9si c\u00edme:<\/p>\n<p>barbara(kukac) designcommando.hu<\/p>\n<p>A szolg\u00e1ltat\u00f3 ad\u00f3sz\u00e1ma: 14790429-2-41<\/p>\n<p>Nyilv\u00e1ntart\u00e1sban bejegyz\u0151 hat\u00f3s\u00e1g neve: Pest Megyei B\u00edr\u00f3s\u00e1g \u2013 mint c\u00e9gb\u00edr\u00f3s\u00e1g<\/p>\n<p>A szolg\u00e1ltat\u00f3 telefonsz\u00e1ma: + 36 70&nbsp;247 7176<\/p>\n<p>A szerz\u0151d\u00e9s nyelve: magyar<\/p>\n<p>&nbsp;<\/p>\n<p><strong>H\u00edrlev\u00e9lk\u00fcld\u0151 rendszer \u00e9s szolg\u00e1ltat\u00f3 neve:<\/strong><\/p>\n<p>E.N.S. Informatikai \u00e9s Rendszerintegr\u00e1ci\u00f3s Zrt. \u201eWebgalamb\u201d<br \/>\nSz\u00e9khely \u00e9s post\u00e1z\u00e1si c\u00edm: 1106 Budapest, Feh\u00e9r \u00fat 10.<br \/>\nAd\u00f3sz\u00e1m: 14032868-2-42<br \/>\nC\u00e9gjegyz\u00e9ksz\u00e1m: 01-10-046975<br \/>\nBanksz\u00e1mlasz\u00e1m: 10701551-67405024-51100005<br \/>\nTelefonsz\u00e1m: +36 30 555-1100<br \/>\nFax: +36 1 999-1750<br \/>\nE-mail: <a href=\"mailto:info@ens.hu\">info@ens.hu<\/a><br \/>\nWeboldal: <a href=\"http:\/\/www.ens.hu\/\">www.ens.hu<\/a><\/p>\n<p>&nbsp;<\/p>\n<p><strong>A t\u00e1rhely -szolg\u00e1ltat\u00f3 neve: <\/strong><\/p>\n<p>MicroStation Kft.<\/p>\n<p>2615 Cs\u0151v\u00e1r Mad\u00e1ch utca 1.<\/p>\n<p>Ad\u00f3sz\u00e1m: 23840405-2-13<\/p>\n<p>A t\u00e1rhelyszolg\u00e1ltat\u00f3 el\u00e9rhet\u0151s\u00e9ge:<\/p>\n<p>Tel. +36 20&nbsp;775 5635<\/p>\n<p><a href=\"https:\/\/microstation.hu\/kapcsolat\">https:\/\/microstation.hu\/kapcsolat<\/a><\/p>\n<p>A t\u00e1rhelyszolg\u00e1ltat\u00f3 weboldala:<\/p>\n<p><a href=\"http:\/\/www.microstation.hu\/\">www.microstation.hu<\/a><\/p>\n<p>&nbsp;<\/p>\n<p>&nbsp;<\/p>\n","protected":false},"excerpt":{"rendered":"<p>ADATV\u00c9DELMI IR\u00c1NYELVEK &nbsp; BEVEZET\u00c9S A Design Commando Kft. (a tov\u00e1bbiakban: Adatkezel\u0151) tev\u00e9kenys\u00e9ge sor\u00e1n fokozottan \u00fcgyel a szem\u00e9lyesadatok v\u00e9delm\u00e9re, a k\u00f6telez\u0151 jogi rendelkez\u00e9sek betart\u00e1s\u00e1ra, a biztons\u00e1gos \u00e9s tisztess\u00e9ges adatkezel\u00e9sre. Az Adatkezel\u0151 adatai: C\u00e9gn\u00e9v: DesignCommando Kft. Ad\u00f3sz\u00e1m: 14790429-2-41 C\u00edm: 1026. Budapest, Gyimes utca 10. 2\/2. C\u00e9gjegyz\u00e9ksz\u00e1m: _ &nbsp; Az Adatkezel\u0151 a rendelkez\u00e9s\u00e9re bocs\u00e1tott szem\u00e9lyes adatokat minden esetben [&hellip;]<\/p>\n","protected":false},"author":1,"featured_media":0,"parent":0,"menu_order":0,"comment_status":"closed","ping_status":"closed","template":"","meta":{"ngg_post_thumbnail":0,"footnotes":""},"_links":{"self":[{"href":"https:\/\/designcommando.hu\/index.php?rest_route=\/wp\/v2\/pages\/803"}],"collection":[{"href":"https:\/\/designcommando.hu\/index.php?rest_route=\/wp\/v2\/pages"}],"about":[{"href":"https:\/\/designcommando.hu\/index.php?rest_route=\/wp\/v2\/types\/page"}],"author":[{"embeddable":true,"href":"https:\/\/designcommando.hu\/index.php?rest_route=\/wp\/v2\/users\/1"}],"replies":[{"embeddable":true,"href":"https:\/\/designcommando.hu\/index.php?rest_route=%2Fwp%2Fv2%2Fcomments&post=803"}],"version-history":[{"count":2,"href":"https:\/\/designcommando.hu\/index.php?rest_route=\/wp\/v2\/pages\/803\/revisions"}],"predecessor-version":[{"id":805,"href":"https:\/\/designcommando.hu\/index.php?rest_route=\/wp\/v2\/pages\/803\/revisions\/805"}],"wp:attachment":[{"href":"https:\/\/designcommando.hu\/index.php?rest_route=%2Fwp%2Fv2%2Fmedia&parent=803"}],"curies":[{"name":"wp","href":"https:\/\/api.w.org\/{rel}","templated":true}]}}