{"id":184,"date":"2016-04-15T15:31:18","date_gmt":"2016-04-15T15:31:18","guid":{"rendered":"https:\/\/designcommando.hu\/redesign\/?page_id=184"},"modified":"2016-04-15T15:35:34","modified_gmt":"2016-04-15T15:35:34","slug":"lepesek","status":"publish","type":"page","link":"https:\/\/designcommando.hu\/?page_id=184","title":{"rendered":"L\u00e9p\u00e9sek"},"content":{"rendered":"<h4 class=\"number n1\"><img loading=\"lazy\" decoding=\"async\" class=\"aligncenter size-full wp-image-169\" src=\"https:\/\/designcommando.hu\/redesign\/wp-content\/uploads\/2016\/04\/home-staging-small.jpg\" alt=\"home-staging-small\" width=\"660\" height=\"180\" srcset=\"https:\/\/designcommando.hu\/wp-content\/uploads\/2016\/04\/home-staging-small.jpg 660w, https:\/\/designcommando.hu\/wp-content\/uploads\/2016\/04\/home-staging-small-300x82.jpg 300w\" sizes=\"(max-width: 660px) 100vw, 660px\" \/><\/h4>\n<h4 class=\"number n1\"><img loading=\"lazy\" decoding=\"async\" class=\"alignleft size-full wp-image-174\" src=\"https:\/\/designcommando.hu\/redesign\/wp-content\/uploads\/2016\/04\/num-1-y.png\" alt=\"num-1-y\" width=\"26\" height=\"26\" \/>Felm\u00e9r\u00e9s<\/h4>\n<p class=\"push35\">El\u0151sz\u00f6r egy ingatlan szak\u00e9rt\u0151 seg\u00edts\u00e9g\u00e9vel meg\u00e1llap\u00edtjuk, hogy a lak\u00e1s, h\u00e1z jelleg\u00e9b\u0151l, fekv\u00e9s\u00e9b\u0151l ad\u00f3d\u00f3an ki is a c\u00e9lcsoport az \u00e9rt\u00e9kes\u00edt\u00e9sn\u00e9l. Ez alapvet\u0151en meghat\u00e1rozza a tov\u00e1bbi l\u00e9p\u00e9sek ir\u00e1ny\u00e1t, sikeress\u00e9g\u00e9t!<\/p>\n<h4 class=\"number n2\"><img loading=\"lazy\" decoding=\"async\" class=\"alignleft size-full wp-image-175\" src=\"https:\/\/designcommando.hu\/redesign\/wp-content\/uploads\/2016\/04\/num-2-y.png\" alt=\"num-2-y\" width=\"26\" height=\"26\" \/>St\u00edlus tervez\u00e9s<\/h4>\n<p class=\"push35\">Miut\u00e1n meghat\u00e1roztuk a c\u00e9lcsoportot, behat\u00e1roljuk milyen st\u00edlusjegyeket c\u00e9lszer\u0171 alkalmazni, hogy min\u00e9l hat\u00e9konyabb legyen az \u00e9rt\u00e9kes\u00edt\u00e9s. Kialak\u00edtjuk, testre szabjuk az ingatlan st\u00edlus\u00e1t. Megtervezz\u00fck apr\u00f3l\u00e9kosan a sz\u00ednvil\u00e1got, az alkalmazott anyagok fajt\u00e1j\u00e1t \u00e9s mennyis\u00e9g\u00e9t, a kieg\u00e9sz\u00edt\u0151ket, \u00e9s \u00e1tgondoljuk, hogy milyen megold\u00e1s lenne gazdas\u00e1gos, kifizet\u0151d\u0151.<\/p>\n<h4 class=\"number n3\"><img loading=\"lazy\" decoding=\"async\" class=\"alignleft size-full wp-image-176\" src=\"https:\/\/designcommando.hu\/redesign\/wp-content\/uploads\/2016\/04\/num-3-y.png\" alt=\"num-3-y\" width=\"26\" height=\"26\" \/>Megold\u00e1s v\u00e1laszt\u00e1s<\/h4>\n<p class=\"push35\">Te kiv\u00e1lasztod csomagjaink k\u00f6z\u00fcl a sz\u00e1modra megfelel\u0151 konstrukci\u00f3t mi meg vill\u00e1mgyorsan neki\u00e1llunk az \u00e1talak\u00edt\u00e1soknak. A Home Staging-nek egy k\u00fcl\u00f6n\u00f6sen gyors folyamatnak kell lennie, mert az ingatlan \u00e9rt\u00e9kes\u00edt\u00e9sn\u00e9l minden perc k\u00fcl\u00f6n\u00f6sen sz\u00e1m\u00edt! \u00cdgy h\u00e1t ne habozz tov\u00e1bb, tal\u00e1ljon \u00faj gazd\u00e1ra az ingatlan min\u00e9l hamarabb!<\/p>\n","protected":false},"excerpt":{"rendered":"<p>Felm\u00e9r\u00e9s El\u0151sz\u00f6r egy ingatlan szak\u00e9rt\u0151 seg\u00edts\u00e9g\u00e9vel meg\u00e1llap\u00edtjuk, hogy a lak\u00e1s, h\u00e1z jelleg\u00e9b\u0151l, fekv\u00e9s\u00e9b\u0151l ad\u00f3d\u00f3an ki is a c\u00e9lcsoport az \u00e9rt\u00e9kes\u00edt\u00e9sn\u00e9l. Ez alapvet\u0151en meghat\u00e1rozza a tov\u00e1bbi l\u00e9p\u00e9sek ir\u00e1ny\u00e1t, sikeress\u00e9g\u00e9t! St\u00edlus tervez\u00e9s Miut\u00e1n meghat\u00e1roztuk a c\u00e9lcsoportot, behat\u00e1roljuk milyen st\u00edlusjegyeket c\u00e9lszer\u0171 alkalmazni, hogy min\u00e9l hat\u00e9konyabb legyen az \u00e9rt\u00e9kes\u00edt\u00e9s. Kialak\u00edtjuk, testre szabjuk az ingatlan st\u00edlus\u00e1t. Megtervezz\u00fck apr\u00f3l\u00e9kosan a sz\u00ednvil\u00e1got, [&hellip;]<\/p>\n","protected":false},"author":1,"featured_media":169,"parent":76,"menu_order":0,"comment_status":"closed","ping_status":"closed","template":"","meta":{"ngg_post_thumbnail":0,"footnotes":""},"_links":{"self":[{"href":"https:\/\/designcommando.hu\/index.php?rest_route=\/wp\/v2\/pages\/184"}],"collection":[{"href":"https:\/\/designcommando.hu\/index.php?rest_route=\/wp\/v2\/pages"}],"about":[{"href":"https:\/\/designcommando.hu\/index.php?rest_route=\/wp\/v2\/types\/page"}],"author":[{"embeddable":true,"href":"https:\/\/designcommando.hu\/index.php?rest_route=\/wp\/v2\/users\/1"}],"replies":[{"embeddable":true,"href":"https:\/\/designcommando.hu\/index.php?rest_route=%2Fwp%2Fv2%2Fcomments&post=184"}],"version-history":[{"count":2,"href":"https:\/\/designcommando.hu\/index.php?rest_route=\/wp\/v2\/pages\/184\/revisions"}],"predecessor-version":[{"id":192,"href":"https:\/\/designcommando.hu\/index.php?rest_route=\/wp\/v2\/pages\/184\/revisions\/192"}],"up":[{"embeddable":true,"href":"https:\/\/designcommando.hu\/index.php?rest_route=\/wp\/v2\/pages\/76"}],"wp:featuredmedia":[{"embeddable":true,"href":"https:\/\/designcommando.hu\/index.php?rest_route=\/wp\/v2\/media\/169"}],"wp:attachment":[{"href":"https:\/\/designcommando.hu\/index.php?rest_route=%2Fwp%2Fv2%2Fmedia&parent=184"}],"curies":[{"name":"wp","href":"https:\/\/api.w.org\/{rel}","templated":true}]}}