{"id":182,"date":"2016-04-15T15:30:33","date_gmt":"2016-04-15T15:30:33","guid":{"rendered":"https:\/\/designcommando.hu\/redesign\/?page_id=182"},"modified":"2016-04-15T15:36:00","modified_gmt":"2016-04-15T15:36:00","slug":"eredete","status":"publish","type":"page","link":"https:\/\/designcommando.hu\/?page_id=182","title":{"rendered":"Eredete"},"content":{"rendered":"<div class=\"column w300 col1\">\n<h4 class=\"first\"><img loading=\"lazy\" decoding=\"async\" class=\"aligncenter wp-image-169 size-full\" src=\"https:\/\/designcommando.hu\/redesign\/wp-content\/uploads\/2016\/04\/home-staging-small.jpg\" alt=\"home-staging-small\" width=\"660\" height=\"180\" srcset=\"https:\/\/designcommando.hu\/wp-content\/uploads\/2016\/04\/home-staging-small.jpg 660w, https:\/\/designcommando.hu\/wp-content\/uploads\/2016\/04\/home-staging-small-300x82.jpg 300w\" sizes=\"(max-width: 660px) 100vw, 660px\" \/><\/h4>\n<h4 class=\"first\">P\u00e1r \u00e9vtizede indult h\u00f3d\u00edt\u00f3 \u00fatj\u00e1ra a home staging \u2013 hol m\u00e1shol \u2013 az Egyes\u00fclt \u00c1llamokban<\/h4>\n<p>Egy \u2013 a mai magyar ingatlanpiacot is jellemz\u0151 \u2013 megtorpan\u00e1s tette sz\u00fcks\u00e9gess\u00e9, hogy az elad\u00f3kb\u00f3l \u00e9rt\u00e9kes\u00edt\u0151k v\u00e1ljanak. Ha valaki nem akart az id\u0151k v\u00e9gezet\u00e9ig v\u00e1rni, hogy egy vev\u0151 beleszeressen az ingatlan\u00e1ba, akkor bizony valamit tennie kellett. N\u00e9h\u00e1ny tulajdonos nem riadt vissza elad\u00e1s el\u0151tt kisebb \u00f6sszeget \u00e1ldozni arra, hogy otthon\u00e1t \u00e1talak\u00edtsa, sz\u00edneket, anyagokat, hangulatot vigyen bele, amivel megfoghatja a v\u00e1s\u00e1rl\u00f3t!<\/p>\n<p><em>Nem csak p\u00e9nzben t\u00e9r\u00fclt meg ez a befektet\u00e9s, hanem nagyban ler\u00f6vid\u00edtette az \u00e9rt\u00e9kes\u00edt\u00e9si id\u0151t is! Hamar \u00e1ltal\u00e1nos gyakorlatt\u00e1 v\u00e1lt Amerik\u00e1ban a home staging.<\/em><\/p>\n<p>Ma m\u00e1r az ingatlan\u00e9rt\u00e9kes\u00edt\u0151k tanulj\u00e1k a home staginget \u00e9s sz\u00e1mtalan lakberendez\u0151 kiz\u00e1r\u00f3lag ezzel foglalkozik. Nyugat-Eur\u00f3p\u00e1ban is kezd teret nyerni, mert n\u00e9lk\u00fcle az elad\u00f3 es\u00e9lyei sokkal kisebbek!<\/p>\n<\/div>\n<div class=\"column w300 col2\">\n<p>A magyar ingatlanpiacon m\u00e9g gyakorlatilag ismeretlen fogalom a home staging, r\u00e1ad\u00e1sul kev\u00e9s tulajdonos nyitott itthon erre az \u00f6tletre. Sokak szem\u00e9ben tal\u00e1n csak egy \u00fajabb f\u00f6l\u00f6sleges csalafintas\u00e1g, hogy p\u00e9nzk\u00f6lt\u00e9sre b\u00edrj\u00e1k \u0151ket.<\/p>\n<p><em>De eml\u00e9kszel, \u00edgy volt ez az ingatlanirod\u00e1kkal, a mobiltelefonnal vagy ak\u00e1r az internetes t\u00e1rskeres\u00e9ssel is.<\/em><\/p>\n<p>V\u00e9g\u00fcl persze mindenki megbar\u00e1tkozott vel\u00fck, \u00e9s m\u00e1ra m\u00e1r elengedhetetlen r\u00e9szeiv\u00e9 v\u00e1ltak ezek a forradalmi csalafintas\u00e1gok a mindennapjainknak. Eg\u00e9sz biztosan \u00edgy lesz ez a home staginggel is! Pedig elad\u00f3 ingatlanb\u00f3l rengeteg van, fizet\u0151k\u00e9pes vev\u0151b\u0151l egyre kevesebb, teh\u00e1t a verseny a vev\u0151\u00e9rt egyre ki\u00e9lezettebb\u00e9 v\u00e1lt.<\/p>\n<p>Aki nem hajland\u00f3 az \u00fczlet rem\u00e9ny\u00e9ben befektetni, az lemarad. Te ne maradj le!<\/p>\n<\/div>\n<div class=\"clear\"><\/div>\n","protected":false},"excerpt":{"rendered":"<p>P\u00e1r \u00e9vtizede indult h\u00f3d\u00edt\u00f3 \u00fatj\u00e1ra a home staging \u2013 hol m\u00e1shol \u2013 az Egyes\u00fclt \u00c1llamokban Egy \u2013 a mai magyar ingatlanpiacot is jellemz\u0151 \u2013 megtorpan\u00e1s tette sz\u00fcks\u00e9gess\u00e9, hogy az elad\u00f3kb\u00f3l \u00e9rt\u00e9kes\u00edt\u0151k v\u00e1ljanak. Ha valaki nem akart az id\u0151k v\u00e9gezet\u00e9ig v\u00e1rni, hogy egy vev\u0151 beleszeressen az ingatlan\u00e1ba, akkor bizony valamit tennie kellett. N\u00e9h\u00e1ny tulajdonos nem riadt [&hellip;]<\/p>\n","protected":false},"author":1,"featured_media":169,"parent":76,"menu_order":0,"comment_status":"closed","ping_status":"closed","template":"","meta":{"ngg_post_thumbnail":0,"footnotes":""},"_links":{"self":[{"href":"https:\/\/designcommando.hu\/index.php?rest_route=\/wp\/v2\/pages\/182"}],"collection":[{"href":"https:\/\/designcommando.hu\/index.php?rest_route=\/wp\/v2\/pages"}],"about":[{"href":"https:\/\/designcommando.hu\/index.php?rest_route=\/wp\/v2\/types\/page"}],"author":[{"embeddable":true,"href":"https:\/\/designcommando.hu\/index.php?rest_route=\/wp\/v2\/users\/1"}],"replies":[{"embeddable":true,"href":"https:\/\/designcommando.hu\/index.php?rest_route=%2Fwp%2Fv2%2Fcomments&post=182"}],"version-history":[{"count":3,"href":"https:\/\/designcommando.hu\/index.php?rest_route=\/wp\/v2\/pages\/182\/revisions"}],"predecessor-version":[{"id":193,"href":"https:\/\/designcommando.hu\/index.php?rest_route=\/wp\/v2\/pages\/182\/revisions\/193"}],"up":[{"embeddable":true,"href":"https:\/\/designcommando.hu\/index.php?rest_route=\/wp\/v2\/pages\/76"}],"wp:featuredmedia":[{"embeddable":true,"href":"https:\/\/designcommando.hu\/index.php?rest_route=\/wp\/v2\/media\/169"}],"wp:attachment":[{"href":"https:\/\/designcommando.hu\/index.php?rest_route=%2Fwp%2Fv2%2Fmedia&parent=182"}],"curies":[{"name":"wp","href":"https:\/\/api.w.org\/{rel}","templated":true}]}}