{"id":18,"date":"2016-03-03T15:33:36","date_gmt":"2016-03-03T15:33:36","guid":{"rendered":"https:\/\/designcommando.hu\/redesign\/?page_id=18"},"modified":"2016-05-02T07:35:10","modified_gmt":"2016-05-02T07:35:10","slug":"barbararol","status":"publish","type":"page","link":"https:\/\/designcommando.hu\/?page_id=18","title":{"rendered":"Barbar\u00e1r\u00f3l"},"content":{"rendered":"<div id=\"pl-18\"  class=\"panel-layout\" ><div id=\"pg-18-0\"  class=\"panel-grid panel-no-style\" ><div id=\"pgc-18-0-0\"  class=\"panel-grid-cell\" ><div id=\"panel-18-0-0-0\" class=\"so-panel widget widget_sow-editor panel-first-child panel-last-child\" data-index=\"0\" ><div\n\t\t\t\n\t\t\tclass=\"so-widget-sow-editor so-widget-sow-editor-base\"\n\t\t\t\n\t\t><h3 class=\"widget-title\">Ambrus Barbara<\/h3>\n<div class=\"siteorigin-widget-tinymce textwidget\">\n\t<h3><img loading=\"lazy\" decoding=\"async\" class=\"alignright size-full wp-image-94\" src=\"https:\/\/designcommando.hu\/redesign\/wp-content\/uploads\/2016\/03\/AmbrusBarbara.jpg\" alt=\"AmbrusBarbara\" width=\"399\" height=\"399\" srcset=\"https:\/\/designcommando.hu\/wp-content\/uploads\/2016\/03\/AmbrusBarbara.jpg 399w, https:\/\/designcommando.hu\/wp-content\/uploads\/2016\/03\/AmbrusBarbara-150x150.jpg 150w, https:\/\/designcommando.hu\/wp-content\/uploads\/2016\/03\/AmbrusBarbara-300x300.jpg 300w\" sizes=\"(max-width: 399px) 100vw, 399px\" \/><\/h3>\n<p>Lak\u00e1stextil-tervez\u0151, f\u00fcgg\u00f6ny\u00f6z\u00e9s specialista <br \/><strong>A Design Commando vezet\u0151 tervez\u0151je, tan\u00e1csad\u00f3ja, alap\u00edt\u00f3ja<\/strong><\/p>\n<p><strong>\u00c9n \u00e9s a lakberendez\u00e9s<\/strong><br \/><em>45 fok volt \u00e1rny\u00e9kban! Forr\u00f3s\u00e1g, unalom \u00e9s Arizona.<\/em><br \/>\u00cdgy eml\u00e9kszem vissza arra az id\u0151szakra, amikor v\u00e9g\u00e9rv\u00e9nyesen mag\u00e1val ragadott a lakberendez\u00e9s \u00e9s a textiltervez\u00e9s atmoszf\u00e9r\u00e1ja.<br \/>1995 nyar\u00e1t Arizon\u00e1ban t\u00f6lt\u00f6ttem a nagyn\u00e9n\u00e9m\u00e9kn\u00e9l. Az utc\u00e1n nem lehetett k\u00f6zlekedni, olyan forr\u00f3s\u00e1g volt. Aut\u00f3m nem volt, sehova sem tudtam menni, am\u00edg \u0151k dolgoztak \u2013 t\u00f6megk\u00f6zleked\u00e9s arrafel\u00e9 ugyanis nincs. \u00dcltem a klimatiz\u00e1lt \u00faj h\u00e1zban \u00e9s a lakberendez\u00e9si lapokat b\u00fajtam, t\u00f6bb sz\u00e1zat. Nem tudtam betelni vel\u00fck. Ott, abban a p\u00e1r h\u00e9tben, az Arizonai forr\u00f3 unalomban eld\u00f6nt\u00f6ttem: ez az, amivel foglalkozni akarok.<\/p>\n<p>Ez \u00e9s semmi m\u00e1s!<\/p>\n<p>Az\u00f3ta m\u00e1r t\u00f6bb tucat csal\u00e1d otthon\u00e1t terveztem meg koll\u00e9g\u00e1immal. El\u0151ad\u00e1sokat, tanfolyamokat tartok a lak\u00e1stext\u00edli\u00e1k, dekortap\u00e9t\u00e1k \u00e9s a sz\u00ednharm\u00f3nia-teremt\u00e9s fontoss\u00e1g\u00e1r\u00f3l a tervez\u0151i szakma k\u00e9pvisel\u0151inek (lakberendez\u0151knek, bels\u0151\u00e9p\u00edt\u00e9szeknek) \u00e9s a nagyk\u00f6z\u00f6ns\u00e9gnek is.<\/p>\n<p>A k\u00f6z\u00e9piskol\u00e1t a budapesti Szent L\u00e1szl\u00f3 Gimn\u00e1zium t\u00f6megkommunik\u00e1ci\u00f3 szak\u00e1n v\u00e9geztem, ahol rendszeresen k\u00e9sz\u00edtett\u00fcnk rekl\u00e1manyagokat, m\u0171sorokat, cikkeket a Magyar Telev\u00edzi\u00f3, k\u00e1beltelev\u00edzi\u00f3k, napilapok sz\u00e1m\u00e1ra.<br \/>Az \u00e9retts\u00e9gi ut\u00e1n egy \u00e9vet Toront\u00f3ban t\u00f6lt\u00f6ttem a HANSA Language Center mag\u00e1niskol\u00e1ban, angol nyelvet, kult\u00far\u00e1t tanultam \u00e9s sokat utaztam, t\u00f6bbek k\u00f6z\u00f6tt Arizon\u00e1ba is. Egyetemi tanulm\u00e1nyaim (JPTE \u2013 M\u0171vel\u0151d\u00e9sszervez\u0151 szak) alatt dolgoztam \u00e9s lakberendez\u00e9st tanultam (KREA Kort\u00e1rs M\u0171v\u00e9szeti Iskola). Els\u0151 munkaad\u00f3m a nagymam\u00e1m volt, akin\u00e9l asszisztensk\u00e9nt tev\u00e9kenykedtem \u00e9s belel\u00e1ttam egy olyan vil\u00e1gba, ahol az \u00e9rt\u00e9kes\u00edt\u00e9s, a marketing \u00e9s az \u00fcgyfelek tisztelete t\u00f6k\u00e9letesen megf\u00e9rt egym\u00e1ssal, ahol az \u00fczleti korrekts\u00e9g evidencia volt mindenki sz\u00e1m\u00e1ra.<\/p>\n<p>1999-t\u0151l a Vodafone itthoni csapat\u00e1t er\u0151s\u00edtettem, az \u00fcgyf\u00e9lkapcsolaton. Nagy \u00e9lm\u00e9ny volt l\u00e1tni, hogy a nagyok mit \u00e9s hogyan csin\u00e1lnak, \u00e9s ha piciben is, de r\u00e9szese lehettem a sikereknek, a b\u00fcszkes\u00e9gnek. A kis kit\u00e9r\u0151 ut\u00e1n m\u00e9gis r\u00e1j\u00f6ttem, hogy a lakberendez\u00e9s \u00e9s otthontervez\u00e9s az, ami val\u00f3j\u00e1ban \u00f6r\u00f6mmel t\u00f6lt el. H\u00e1rom \u00e9vet dolgoztam egy hazai vezet\u0151 bels\u0151\u00e9p\u00edt\u00e9szeti c\u00e9g, a Mobilia-Artica marketing \u00e9s k\u00fclf\u00f6ldi \u00e9rt\u00e9kes\u00edt\u00e9sei folyamatok felel\u0151sek\u00e9nt, ez id\u0151ben v\u00e9geztem a BGF nemzetk\u00f6zi marketing szak\u00e9rt\u0151 k\u00f6zgazd\u00e1sz szak\u00e1n. 2004-t\u0151l \u00e1tvettem az \u00c9S Gal\u00e9ria \u2013 f\u00fcgg\u00f6ny \u00e9s lak\u00e1stextil szalon szakmai \u00e9s marketingvezet\u00e9s\u00e9t \u00e9s szer\u00e9nytelens\u00e9g n\u00e9lk\u00fcl mondhatom, hogy nagyon sz\u00e9p sikereket \u00e9rtem\/\u00e9rt\u00fcnk el koll\u00e9g\u00e1immal.<\/p>\n<p>\u00d6t \u00e9vvel k\u00e9s\u0151bb el\u00e9rkezettnek l\u00e1ttam az id\u0151t arra, hogy \u00f6n\u00e1ll\u00f3an is meg\u00e1lljak a l\u00e1bamon: l\u00e9trehoztam gyerekkori bar\u00e1tommal a Design Commando-t.<\/p>\n<p>2010-ben sz\u00fcletett meg kisl\u00e1nyom, Hanna<br \/>2014-ben sz\u00fcletett kisfiam, B\u00e1lint<\/p>\n<p>Ahol m\u00e1r tal\u00e1lkozhatt\u00e1l velem \u00e9s munk\u00e1immal:<\/p>\n<\/div>\n<\/div><\/div><\/div><\/div><div id=\"pg-18-1\"  class=\"panel-grid panel-no-style\" ><div id=\"pgc-18-1-0\"  class=\"panel-grid-cell\" ><div id=\"panel-18-1-0-0\" class=\"so-panel widget widget_sow-image panel-first-child panel-last-child\" data-index=\"1\" ><div\n\t\t\t\n\t\t\tclass=\"so-widget-sow-image so-widget-sow-image-default-8b5b6f678277-18\"\n\t\t\t\n\t\t>\n\n<div class=\"sow-image-container\">\n\t\t<img decoding=\"async\" src=\"https:\/\/designcommando.hu\/wp-content\/uploads\/2016\/03\/sz\u00e9p-lak.jpg\" width=\"620\" height=\"260\" srcset=\"https:\/\/designcommando.hu\/wp-content\/uploads\/2016\/03\/sz\u00e9p-lak.jpg 620w, https:\/\/designcommando.hu\/wp-content\/uploads\/2016\/03\/sz\u00e9p-lak-300x126.jpg 300w\" sizes=\"(max-width: 620px) 100vw, 620px\" alt=\"\" loading=\"lazy\" \t\tclass=\"so-widget-image\"\/>\n\t<\/div>\n\n<\/div><\/div><\/div><div id=\"pgc-18-1-1\"  class=\"panel-grid-cell\" ><div id=\"panel-18-1-1-0\" class=\"so-panel widget widget_sow-image panel-first-child panel-last-child\" data-index=\"2\" ><div\n\t\t\t\n\t\t\tclass=\"so-widget-sow-image so-widget-sow-image-default-8b5b6f678277-18\"\n\t\t\t\n\t\t>\n\n<div class=\"sow-image-container\">\n\t\t<img decoding=\"async\" src=\"https:\/\/designcommando.hu\/wp-content\/uploads\/2016\/03\/Blikk.png\" width=\"280\" height=\"113\" sizes=\"(max-width: 280px) 100vw, 280px\" alt=\"\" loading=\"lazy\" \t\tclass=\"so-widget-image\"\/>\n\t<\/div>\n\n<\/div><\/div><\/div><div id=\"pgc-18-1-2\"  class=\"panel-grid-cell\" ><div id=\"panel-18-1-2-0\" class=\"so-panel widget widget_sow-image panel-first-child panel-last-child\" data-index=\"3\" ><div\n\t\t\t\n\t\t\tclass=\"so-widget-sow-image so-widget-sow-image-default-8b5b6f678277-18\"\n\t\t\t\n\t\t>\n\n<div class=\"sow-image-container\">\n\t\t<img decoding=\"async\" src=\"https:\/\/designcommando.hu\/wp-content\/uploads\/2016\/03\/siker-hull\u00e1m.jpg\" width=\"320\" height=\"180\" srcset=\"https:\/\/designcommando.hu\/wp-content\/uploads\/2016\/03\/siker-hull\u00e1m.jpg 320w, https:\/\/designcommando.hu\/wp-content\/uploads\/2016\/03\/siker-hull\u00e1m-300x169.jpg 300w\" sizes=\"(max-width: 320px) 100vw, 320px\" title=\"siker hull\u00e1m\" alt=\"\" loading=\"lazy\" \t\tclass=\"so-widget-image\"\/>\n\t<\/div>\n\n<\/div><\/div><\/div><div id=\"pgc-18-1-3\"  class=\"panel-grid-cell\" ><div id=\"panel-18-1-3-0\" class=\"so-panel widget widget_sow-image panel-first-child\" data-index=\"4\" ><div\n\t\t\t\n\t\t\tclass=\"so-widget-sow-image so-widget-sow-image-default-8b5b6f678277-18\"\n\t\t\t\n\t\t>\n\n<div class=\"sow-image-container\">\n\t\t<img decoding=\"async\" src=\"https:\/\/designcommando.hu\/wp-content\/uploads\/2016\/03\/Polgari-otthon.jpg\" width=\"720\" height=\"152\" srcset=\"https:\/\/designcommando.hu\/wp-content\/uploads\/2016\/03\/Polgari-otthon.jpg 720w, https:\/\/designcommando.hu\/wp-content\/uploads\/2016\/03\/Polgari-otthon-300x63.jpg 300w\" sizes=\"(max-width: 720px) 100vw, 720px\" title=\"Polgari otthon\" alt=\"\" loading=\"lazy\" \t\tclass=\"so-widget-image\"\/>\n\t<\/div>\n\n<\/div><\/div><div id=\"panel-18-1-3-1\" class=\"so-panel widget widget_sow-image panel-last-child\" data-index=\"5\" ><div\n\t\t\t\n\t\t\tclass=\"so-widget-sow-image so-widget-sow-image-default-8b5b6f678277-18\"\n\t\t\t\n\t\t>\n\n<div class=\"sow-image-container\">\n\t\t<img decoding=\"async\" src=\"https:\/\/designcommando.hu\/wp-content\/uploads\/2016\/03\/OTTHON_NEWLOGO_red_170.jpg\" width=\"170\" height=\"36\" sizes=\"(max-width: 170px) 100vw, 170px\" alt=\"\" loading=\"lazy\" \t\tclass=\"so-widget-image\"\/>\n\t<\/div>\n\n<\/div><\/div><\/div><div id=\"pgc-18-1-4\"  class=\"panel-grid-cell\" ><div id=\"panel-18-1-4-0\" class=\"so-panel widget widget_sow-image panel-first-child panel-last-child\" data-index=\"6\" ><div\n\t\t\t\n\t\t\tclass=\"so-widget-sow-image so-widget-sow-image-default-c67d20f9f743-18\"\n\t\t\t\n\t\t>\n\n<div class=\"sow-image-container\">\n\t\t<img decoding=\"async\" src=\"https:\/\/designcommando.hu\/wp-content\/uploads\/2016\/03\/vasarnapi_blikk.jpg\" width=\"90\" height=\"50\" sizes=\"(max-width: 90px) 100vw, 90px\" alt=\"\" loading=\"lazy\" \t\tclass=\"so-widget-image\"\/>\n\t<\/div>\n\n<\/div><\/div><\/div><div id=\"pgc-18-1-5\"  class=\"panel-grid-cell\" ><div id=\"panel-18-1-5-0\" class=\"so-panel widget widget_sow-image panel-first-child panel-last-child\" data-index=\"7\" ><div\n\t\t\t\n\t\t\tclass=\"so-widget-sow-image so-widget-sow-image-default-8b5b6f678277-18\"\n\t\t\t\n\t\t>\n\n<div class=\"sow-image-container\">\n\t\t<img decoding=\"async\" src=\"https:\/\/designcommando.hu\/wp-content\/uploads\/2016\/03\/10848063_908958885784057_299698606926540762_n.jpg\" width=\"107\" height=\"160\" sizes=\"(max-width: 107px) 100vw, 107px\" alt=\"\" loading=\"lazy\" \t\tclass=\"so-widget-image\"\/>\n\t<\/div>\n\n<\/div><\/div><\/div><\/div><\/div>","protected":false},"excerpt":{"rendered":"<p>Lak\u00e1stextil-tervez\u0151, f\u00fcgg\u00f6ny\u00f6z\u00e9s specialista A Design Commando vezet\u0151 tervez\u0151je, tan\u00e1csad\u00f3ja, alap\u00edt\u00f3ja\u00c9n \u00e9s a lakberendez\u00e9s45 fok volt \u00e1rny\u00e9kban! Forr\u00f3s\u00e1g, unalom \u00e9s Arizona.\u00cdgy eml\u00e9kszem vissza arra az id\u0151szakra, amikor v\u00e9g\u00e9rv\u00e9nyesen mag\u00e1val ragadott a lakberendez\u00e9s \u00e9s a textiltervez\u00e9s atmoszf\u00e9r\u00e1ja.1995 nyar\u00e1t Arizon\u00e1ban t\u00f6lt\u00f6ttem a nagyn\u00e9n\u00e9m\u00e9kn\u00e9l. Az utc\u00e1n nem lehetett k\u00f6zlekedni, olyan forr\u00f3s\u00e1g volt. Aut\u00f3m nem volt, sehova sem tudtam menni, [&hellip;]<\/p>\n","protected":false},"author":1,"featured_media":0,"parent":0,"menu_order":0,"comment_status":"closed","ping_status":"closed","template":"","meta":{"ngg_post_thumbnail":0,"footnotes":""},"_links":{"self":[{"href":"https:\/\/designcommando.hu\/index.php?rest_route=\/wp\/v2\/pages\/18"}],"collection":[{"href":"https:\/\/designcommando.hu\/index.php?rest_route=\/wp\/v2\/pages"}],"about":[{"href":"https:\/\/designcommando.hu\/index.php?rest_route=\/wp\/v2\/types\/page"}],"author":[{"embeddable":true,"href":"https:\/\/designcommando.hu\/index.php?rest_route=\/wp\/v2\/users\/1"}],"replies":[{"embeddable":true,"href":"https:\/\/designcommando.hu\/index.php?rest_route=%2Fwp%2Fv2%2Fcomments&post=18"}],"version-history":[{"count":13,"href":"https:\/\/designcommando.hu\/index.php?rest_route=\/wp\/v2\/pages\/18\/revisions"}],"predecessor-version":[{"id":473,"href":"https:\/\/designcommando.hu\/index.php?rest_route=\/wp\/v2\/pages\/18\/revisions\/473"}],"wp:attachment":[{"href":"https:\/\/designcommando.hu\/index.php?rest_route=%2Fwp%2Fv2%2Fmedia&parent=18"}],"curies":[{"name":"wp","href":"https:\/\/api.w.org\/{rel}","templated":true}]}}